{"id":394,"date":"2007-10-05T13:17:25","date_gmt":"2007-10-05T08:17:25","guid":{"rendered":"http:\/\/matthieu.net\/blog\/inde-par-region-et-ville\/"},"modified":"2009-03-12T00:00:52","modified_gmt":"2009-03-11T19:00:52","slug":"inde-par-region-et-ville","status":"publish","type":"page","link":"https:\/\/matthieu.net\/blog\/inde-par-region-et-ville\/","title":{"rendered":"Inde par r\u00e9gion et ville"},"content":{"rendered":"<p>Voici la liste des quelques villes que j\u2019ai visit\u00e9es en Inde, class\u00e9es par r\u00e9gion, pour vous faciliter la lecture et la recherche d\u2019informations.<\/p>\n<p>N\u2019h\u00e9sitez pas \u00e0 laisser vos commentaires ! :-)<\/p>\n<p><strong>Tamil Nadu &#8211; \u00e9tat du tamil nadu<\/strong><\/p>\n<p>Chennai<\/p>\n<ul>\n<li><a href=\"http:\/\/matthieu.net\/blog\/depart-et-arrivee-pour-linde-chennai\/\">D\u00e9part\u2026 et arriv\u00e9e pour l\u2019inde, Chennai<\/a><\/li>\n<li><a href=\"http:\/\/matthieu.net\/blog\/arrivee-a-liit-chennai\/\">Arriv\u00e9e \u00e0 l\u2019IIT Chennai<\/a><\/li>\n<li><a href=\"http:\/\/matthieu.net\/blog\/premiere-descente-a-chennai\/\">Premi\u00e8re descente \u00e0 Chennai<\/a><\/li>\n<li><a href=\"http:\/\/matthieu.net\/blog\/gros-premier-week-end-sur-chennai\/\">Gros premier Week-end sur Chennai <\/a><\/li>\n<li><a href=\"http:\/\/matthieu.net\/blog\/la-plage-a-chennai\/\">La plage \u00e0 Chennai<\/a><\/li>\n<li><a href=\"http:\/\/matthieu.net\/blog\/restaurant-vegetarien-samedi-soir\/\">Restaurant v\u00e9g\u00e9tarien samedi soir<\/a><\/li>\n<li><a href=\"http:\/\/matthieu.net\/blog\/news-en-direct-de-chennai\/\">News en direct de Chennai<\/a><\/li>\n<li><a href=\"http:\/\/matthieu.net\/blog\/le-sens-interdit-du-samedi-soir\/\">LE sens interdit du samedi soir<\/a><\/li>\n<li><a href=\"http:\/\/matthieu.net\/blog\/avis-de-mickael-sur-la-vie-a-chennai-en-inde\/\">La vie \u00e0 Chennai en Inde<\/a><\/li>\n<li><a href=\"http:\/\/matthieu.net\/blog\/festival-de-musique-a-chennai\/\">Festival de musique \u00e0 Chennai<\/a><\/li>\n<\/ul>\n<p>L\u2019IIT Madras &#8211; IIT Chennai<\/p>\n<ul>\n<li><a href=\"http:\/\/matthieu.net\/blog\/quelques-vues-de-la-chambre\/\">Quelques vues de la chambre<\/a><\/li>\n<li><a href=\"http:\/\/matthieu.net\/blog\/aujourdhui-cetait-la-rentree-scolaire\/\">Aujourd\u2019hui c\u2019\u00e9tait la rentr\u00e9e scolaire\u2026<\/a><\/li>\n<li><a href=\"http:\/\/matthieu.net\/blog\/aventure-en-solo-2\/\">Aventure en solo<\/a><\/li>\n<li><a href=\"http:\/\/matthieu.net\/blog\/les-singes-a-liit-madras-chennai\/\">Les singes \u00e0 l\u2019IIT Madras (Chennai)<\/a><\/li>\n<li><a href=\"http:\/\/matthieu.net\/blog\/le-campus-aux-1001-merveilles\/\">Le campus aux 1001 merveilles\u2026<\/a><\/li>\n<li><a href=\"http:\/\/matthieu.net\/blog\/ma-chambre-pendant-la-mousson\/\">Ma chambre, pendant la mousson<\/a><\/li>\n<li><a href=\"http:\/\/matthieu.net\/blog\/la-vue-de-ma-chambre-pendant-la-mousson\/\">La vue de ma chambre pendant la mousson<\/a><\/li>\n<li><a href=\"http:\/\/matthieu.net\/blog\/les-singes-pendant-la-mousson-en-inde\/\">Les singes pendant la mousson en Inde<\/a><\/li>\n<li><a href=\"http:\/\/matthieu.net\/blog\/accouplement-de-singes\/\">Accouplement de singes<\/a><\/li>\n<li><a href=\"http:\/\/matthieu.net\/blog\/attention-le-singe\/\">Attention le singe !<\/a><\/li>\n<li><a href=\"http:\/\/matthieu.net\/blog\/232\/\">Comptez le nombre de singes sur la photo<\/a><\/li>\n<li><a href=\"http:\/\/matthieu.net\/blog\/video-dun-petit-apres-midi-tranquille-quand-tout-a-coup\/\">Vid\u00e9o d\u2019un petit apr\u00e8s midi tranquille\u2026 quand tout \u00e0 coup ?!<\/a><\/li>\n<li><a href=\"http:\/\/matthieu.net\/blog\/devinette-a-la-piscine\/\">Devinette \u00e0 la piscine<\/a><\/li>\n<\/ul>\n<p>Mamallapuram &#8211; Mahabalipuram<\/p>\n<ul>\n<li><a href=\"http:\/\/matthieu.net\/blog\/sur-la-route-pour-mamallapuram-mahabalipuram\/\">Sur la route pour Mamallapuram (Mahabalipuram)<\/a><\/li>\n<li><a href=\"http:\/\/matthieu.net\/blog\/visite-de-mamallapuram-mahabalipuram\/\">Visite de Mamallapuram (Mahabalipuram)<\/a><\/li>\n<\/ul>\n<p>Pondych\u00e9ry<\/p>\n<ul>\n<li><a href=\"http:\/\/matthieu.net\/blog\/visite-de-pondychery\/\">Visite de Pondych\u00e9ry<\/a><\/li>\n<li><a href=\"http:\/\/matthieu.net\/blog\/marche-indien\/\">March\u00e9 indien de pondych\u00e9ry<\/a><\/li>\n<li><a href=\"http:\/\/matthieu.net\/blog\/attente-a-la-gare\/\">Attente \u00e0 la gare\u2026<\/a><\/li>\n<\/ul>\n<p>Tiruvanamalai<\/p>\n<ul>\n<li><a href=\"http:\/\/matthieu.net\/blog\/tiruvanamalai-et-son-temple-gigantesque\/\">Tiruvanamalai et son temple gigantesque<\/a><\/li>\n<\/ul>\n<p>Bangalore<a href=\"http:\/\/matthieu.net\/blog\/les-singes-a-liit-madras-chennai\/\"><br \/>\n<\/a><\/p>\n<ul>\n<li><a href=\"http:\/\/matthieu.net\/blog\/4eme-conference-internationale-sur-la-gpl-3\/\">4\u00e8me conf\u00e9rence internationale sur la GPL 3<\/a><\/li>\n<li><a href=\"http:\/\/matthieu.net\/blog\/bangalore-conference-gpl-3\/\">Bangalore, conf\u00e9rence GPL 3<\/a><\/li>\n<li><a href=\"http:\/\/matthieu.net\/blog\/visite-et-shopping-a-bangalore\/\">Visite et shopping \u00e0 Bangalore<\/a><\/li>\n<li><a href=\"http:\/\/matthieu.net\/blog\/i-got-it-stallman-picture\/\">I got it\u2026 Stallman picture! :-)<\/a><\/li>\n<li><a href=\"http:\/\/matthieu.net\/blog\/puja-offrande-au-bull-temple-a-bangalore\/\">Puja (offrande) au bull temple \u00e0 Bangalore<\/a><\/li>\n<\/ul>\n<p>Madurai<\/p>\n<ul>\n<li><a href=\"http:\/\/matthieu.net\/blog\/visite-de-madurai\/\">Visite de Madurai<\/a><\/li>\n<\/ul>\n<p><strong>Kerala &#8211; \u00e9tat du kerala<\/strong><\/p>\n<p>Cochin<\/p>\n<ul>\n<li><a href=\"http:\/\/matthieu.net\/blog\/sur-la-route-du-kerala-cochin-ernakulam\/\">Sur la route du Kerala (Cochin &#8211; Ernakulam)<\/a><\/li>\n<li><a href=\"http:\/\/matthieu.net\/blog\/spectacle-de-kathakali-et-non-khatakali\/\">Spectacle de Kathakali (et non Khatakali)<\/a><\/li>\n<li><a href=\"http:\/\/matthieu.net\/blog\/video-kathakali-1\/\">Vid\u00e9o kathakali 1<\/a><\/li>\n<li><a href=\"http:\/\/matthieu.net\/blog\/video-kathakali-2\/\">Vid\u00e9o kathakali 2<\/a><\/li>\n<li><a href=\"http:\/\/matthieu.net\/blog\/backwaters-cochin\/\">Backwaters Cochin<\/a><\/li>\n<\/ul>\n<p>Munnar<\/p>\n<ul>\n<li><a href=\"http:\/\/matthieu.net\/blog\/sur-la-route-de-munnar-kerala\/\">Sur la route de Munnar, Kerala<\/a><\/li>\n<li><a href=\"http:\/\/matthieu.net\/blog\/premier-jour-de-folie-a-munnar\/\">Premier jour de folie \u00e0 Munnar<\/a><\/li>\n<li><a href=\"http:\/\/matthieu.net\/blog\/trek-waterfalls-chutes-deau-a-munnar\/\">Trek waterfalls (chutes d\u2019eau) \u00e0 Munnar<\/a><\/li>\n<li><a href=\"http:\/\/matthieu.net\/blog\/munnar-journee-2-eravikulam-national-park\/\">Munnar, journ\u00e9e 2, Eravikulam National Park<\/a><\/li>\n<\/ul>\n<p><strong>Karnataka &#8211; \u00e9tat du karnataka<\/strong><br \/>\nMysore<\/p>\n<ul>\n<li><a href=\"http:\/\/matthieu.net\/blog\/direction-mysore-pour-un-petit-trek\/\">Direction mysore pour un petit trek<\/a><\/li>\n<li><a href=\"http:\/\/matthieu.net\/blog\/sur-la-route-du-karnakata\/\">Sur la route du Karnakata\u2026<\/a><\/li>\n<li><a href=\"http:\/\/matthieu.net\/blog\/mysore-chamundi-hill\/\">Mysore : Chamundi hill<\/a><\/li>\n<li><a href=\"http:\/\/matthieu.net\/blog\/mysore-palace\/\">Mysore Palace<\/a><\/li>\n<li><a href=\"http:\/\/matthieu.net\/blog\/marche-de-mysore\/\">March\u00e9 de Mysore<\/a><\/li>\n<li><a href=\"http:\/\/matthieu.net\/blog\/mysore-palace-by-night\/\">Mysore Palace, by night!<\/a><\/li>\n<\/ul>\n<p>Madikeri<\/p>\n<ul>\n<li><a href=\"http:\/\/matthieu.net\/blog\/trek-madikeri-et-alentour-jour-1\/\">Trek Madikeri et alentour, jour 1<\/a><\/li>\n<li><a href=\"http:\/\/matthieu.net\/blog\/soiree-chez-lhabitant-madikeri\/\">Soir\u00e9e chez l\u2019habitant, Madikeri<\/a><\/li>\n<li><a href=\"http:\/\/matthieu.net\/blog\/trek-madikeri-jour-2\/\">Trek Madikeri, jour 2<\/a><\/li>\n<\/ul>\n<p>Halebid<\/p>\n<ul>\n<li><a href=\"http:\/\/matthieu.net\/blog\/halebid\/\">Halebid<\/a><\/li>\n<\/ul>\n<p>Belur<\/p>\n<ul>\n<li><a href=\"http:\/\/matthieu.net\/blog\/belur\/\">Belur<\/a><\/li>\n<\/ul>\n<p>Sravanabelagola<\/p>\n<ul>\n<li><a href=\"http:\/\/matthieu.net\/blog\/sravanabelagola\/\">Sravanabelagola<\/a><\/li>\n<\/ul>\n<p><strong>Andhra Pradesh &#8211; \u00e9tat <\/strong><strong>Andhra Pradesh<\/strong><\/p>\n<p>Tada falls<\/p>\n<ul>\n<li><a href=\"http:\/\/matthieu.net\/blog\/excursion-aux-tada-falls-dans-letat-andhra-pradesh\/\">Excursion aux Tada Falls, dans l\u2019\u00e9tat Andhra pradesh<\/a><\/li>\n<li><a href=\"http:\/\/matthieu.net\/blog\/sur-la-route-la-roue-prend-cher\/\">Sur la route, la roue \u201cprend cher\u201d<\/a><\/li>\n<li><a href=\"http:\/\/matthieu.net\/blog\/les-tada-falls-cascades-au-nord-de-chennai\/\">Les Tada Falls (cascades) au nord de Chennai<\/a><\/li>\n<li><a href=\"http:\/\/matthieu.net\/blog\/autoportrait-pres-des-cascades\/\">Autoportrait pr\u00e8s des cascades<\/a><\/li>\n<li><a href=\"http:\/\/matthieu.net\/blog\/macro-photo-et-eau\/\">Macro photo et eau<\/a><\/li>\n<\/ul>\n<p><strong>Uttar pradesh &#8211; \u00e9tat UP uttar pradesh<\/strong><\/p>\n<p>Varanasi<\/p>\n<ul>\n<li><a href=\"http:\/\/matthieu.net\/blog\/portraits-a-varanasi\/\">Portraits \u00e0 Varanasi<\/a><\/li>\n<li><a href=\"http:\/\/matthieu.net\/blog\/balade-au-bord-du-gange\/\">Balade au bord du Gange<\/a><\/li>\n<li><a href=\"http:\/\/matthieu.net\/blog\/varanasi\/\">Varanasi<\/a><\/li>\n<\/ul>\n<p>Sarnath<\/p>\n<ul>\n<li><a href=\"http:\/\/matthieu.net\/blog\/sarnath\/\">Sarnath<\/a><\/li>\n<\/ul>\n<p><strong>Andaman et nicobar islands<\/strong><\/p>\n<ul>\n<li><a href=\"http:\/\/matthieu.net\/blog\/depart-pour-le-paradis\/\">D\u00e9part pour le paradis\u2026<\/a><\/li>\n<li><a href=\"http:\/\/matthieu.net\/blog\/revenu-du-paradis\/\">Revenu du paradis<\/a><\/li>\n<\/ul>\n<p>Havelock<\/p>\n<ul>\n<li><a href=\"http:\/\/matthieu.net\/blog\/en-route-pour-le-paradis-andaman-islands-havelock\/\">En route pour le paradis, andaman islands, havelock<\/a><\/li>\n<li><a href=\"http:\/\/matthieu.net\/blog\/journee-typique-de-2-oufs-au-paradis\/\">Journ\u00e9e typique de 2 oufs au paradis<\/a><\/li>\n<li><a href=\"http:\/\/matthieu.net\/blog\/photo-elephants-se-baignant-dans-la-mer-transparente\/\">Photo \u00e9l\u00e9phants se baignant dans la mer transparente<\/a><\/li>\n<li><a href=\"http:\/\/matthieu.net\/blog\/272\/\">Photos de ma plus belle plong\u00e9e sous marine <\/a><\/li>\n<li><a href=\"http:\/\/matthieu.net\/blog\/photo-de-vacances-a-havelock-andaman-island-inde\/\">Photo de vacances \u00e0 havelock, andaman island, inde<\/a><\/li>\n<li><a href=\"http:\/\/matthieu.net\/blog\/photo-de-vacances-sur-une-ile-paradisique-bis\/\">Photo de vacances sur une ile paradisique (bis)<\/a><\/li>\n<li><a href=\"http:\/\/matthieu.net\/blog\/top-10-du-best-of-des-gens-bizarres-rencontres-en-10-jours-a-havelock\/\">Top 10 du Best of des gens bizarres rencontr\u00e9s en 10 jours \u00e0 havelock<\/a><\/li>\n<\/ul>\n<p><strong>Divers &#8211; l\u2019inde dans sa globalit\u00e9<\/strong><\/p>\n<ul>\n<li><a href=\"http:\/\/matthieu.net\/blog\/prix-de-lessence\/\">Prix de l\u2019essence<\/a><\/li>\n<li><a href=\"http:\/\/matthieu.net\/blog\/peinture\/\">Photo Peinture<\/a><\/li>\n<li><a href=\"http:\/\/matthieu.net\/blog\/cout-de-la-vie-en-inde\/\">Co\u00fbt de la vie en Inde<\/a><\/li>\n<li><a href=\"http:\/\/matthieu.net\/blog\/pluie-annonce-de-mousson\/\">Pluie annonce de mousson ?<\/a><\/li>\n<li><a href=\"http:\/\/matthieu.net\/blog\/trip-we-prochain-en-preparation\/\">Trip we prochain en pr\u00e9paration<\/a><\/li>\n<li><a href=\"http:\/\/matthieu.net\/blog\/fumer-cest-interdit-telephoner-cest-dangereux\/\">Fumer, c\u2019est interdit. T\u00e9l\u00e9phoner, c\u2019est dangereux.<\/a><\/li>\n<li><a href=\"http:\/\/matthieu.net\/blog\/enfants-dans-une-ecole-en-inde\/\">Enfants dans une \u00e9cole en inde<\/a><\/li>\n<li><a href=\"http:\/\/matthieu.net\/blog\/bus-firefox\/\">Bus Firefox !<\/a><\/li>\n<li><a href=\"http:\/\/matthieu.net\/blog\/festival-onam\/\">Festival Onam<\/a><\/li>\n<li><a href=\"http:\/\/matthieu.net\/blog\/scooter-en-inde\/\">Scooter en inde<\/a><\/li>\n<li><a href=\"http:\/\/matthieu.net\/blog\/photocopieuse-et-pneumatiques\/\">Photocopieuse et pneumatiques<\/a><\/li>\n<li><a href=\"http:\/\/matthieu.net\/blog\/station-de-bus-attente\/\">Station de bus, attente\u2026<\/a><\/li>\n<li><a href=\"http:\/\/matthieu.net\/blog\/bucheron-indien\/\">Bucheron indien<\/a><\/li>\n<li><a href=\"http:\/\/matthieu.net\/blog\/direct8-aujourdhui-les-singes-la-spiritualite-et-moi\/\">Direct8 aujourd\u2019hui, les singes, la spiritualit\u00e9, et moi<\/a><\/li>\n<li><a href=\"http:\/\/matthieu.net\/blog\/dans-le-bus\/\">Dans le bus\u2026<\/a><\/li>\n<li><a href=\"http:\/\/matthieu.net\/blog\/trip-backpack-de-decembre\/\">Trip backpack de D\u00e9cembre<\/a><\/li>\n<li><a href=\"http:\/\/matthieu.net\/blog\/vacaaaaaaaaances\/\">Vacaaaaaaaaances !!!<\/a><\/li>\n<li><a href=\"http:\/\/matthieu.net\/blog\/enfant-au-marche\/\">Enfant au march\u00e9<\/a><\/li>\n<\/ul>\n","protected":false},"excerpt":{"rendered":"<p>Voici la liste des quelques villes que j\u2019ai visit\u00e9es en Inde, class\u00e9es par r\u00e9gion, pour vous faciliter la lecture et la recherche d\u2019informations. N\u2019h\u00e9sitez pas&#8230;<\/p>\n<div class=\"more-link-wrapper\"><a class=\"more-link\" href=\"https:\/\/matthieu.net\/blog\/inde-par-region-et-ville\/\">Continue reading<span class=\"screen-reader-text\">Inde par r\u00e9gion et ville<\/span><\/a><\/div>\n","protected":false},"author":1,"featured_media":0,"parent":0,"menu_order":0,"comment_status":"open","ping_status":"open","template":"","meta":{"footnotes":""},"yoast_head":"<!-- This site is optimized with the Yoast SEO plugin v22.0 - https:\/\/yoast.com\/wordpress\/plugins\/seo\/ -->\n<title>Inde par r\u00e9gion et ville - Blog &amp; photos Matthieu<\/title>\n<meta name=\"robots\" content=\"index, follow, max-snippet:-1, max-image-preview:large, max-video-preview:-1\" \/>\n<link rel=\"canonical\" href=\"https:\/\/matthieu.net\/blog\/inde-par-region-et-ville\/\" \/>\n<meta property=\"og:locale\" content=\"en_US\" \/>\n<meta property=\"og:type\" content=\"article\" \/>\n<meta property=\"og:title\" content=\"Inde par r\u00e9gion et ville - Blog &amp; photos Matthieu\" \/>\n<meta property=\"og:description\" content=\"Voici la liste des quelques villes que j\u2019ai visit\u00e9es en Inde, class\u00e9es par r\u00e9gion, pour vous faciliter la lecture et la recherche d\u2019informations. N\u2019h\u00e9sitez pas&#8230;\" \/>\n<meta property=\"og:url\" content=\"https:\/\/matthieu.net\/blog\/inde-par-region-et-ville\/\" \/>\n<meta property=\"og:site_name\" content=\"Blog &amp; photos Matthieu\" \/>\n<meta property=\"article:modified_time\" content=\"2009-03-11T19:00:52+00:00\" \/>\n<meta name=\"twitter:label1\" content=\"Est. reading time\" \/>\n\t<meta name=\"twitter:data1\" content=\"3 minutes\" \/>\n<script type=\"application\/ld+json\" class=\"yoast-schema-graph\">{\"@context\":\"https:\/\/schema.org\",\"@graph\":[{\"@type\":\"WebPage\",\"@id\":\"https:\/\/matthieu.net\/blog\/inde-par-region-et-ville\/\",\"url\":\"https:\/\/matthieu.net\/blog\/inde-par-region-et-ville\/\",\"name\":\"Inde par r\u00e9gion et ville - Blog &amp; photos Matthieu\",\"isPartOf\":{\"@id\":\"https:\/\/matthieu.net\/blog\/#website\"},\"datePublished\":\"2007-10-05T08:17:25+00:00\",\"dateModified\":\"2009-03-11T19:00:52+00:00\",\"breadcrumb\":{\"@id\":\"https:\/\/matthieu.net\/blog\/inde-par-region-et-ville\/#breadcrumb\"},\"inLanguage\":\"en-US\",\"potentialAction\":[{\"@type\":\"ReadAction\",\"target\":[\"https:\/\/matthieu.net\/blog\/inde-par-region-et-ville\/\"]}]},{\"@type\":\"BreadcrumbList\",\"@id\":\"https:\/\/matthieu.net\/blog\/inde-par-region-et-ville\/#breadcrumb\",\"itemListElement\":[{\"@type\":\"ListItem\",\"position\":1,\"name\":\"Home\",\"item\":\"https:\/\/matthieu.net\/blog\/\"},{\"@type\":\"ListItem\",\"position\":2,\"name\":\"Inde par r\u00e9gion et ville\"}]},{\"@type\":\"WebSite\",\"@id\":\"https:\/\/matthieu.net\/blog\/#website\",\"url\":\"https:\/\/matthieu.net\/blog\/\",\"name\":\"Blog &amp; photos Matthieu\",\"description\":\"Blog Voyages &amp; Photographies de Matthieu Aubry, fran\u00e7ais en Nouvelle Z\u00e9lande.\",\"potentialAction\":[{\"@type\":\"SearchAction\",\"target\":{\"@type\":\"EntryPoint\",\"urlTemplate\":\"https:\/\/matthieu.net\/blog\/?s={search_term_string}\"},\"query-input\":\"required name=search_term_string\"}],\"inLanguage\":\"en-US\"}]}<\/script>\n<!-- \/ Yoast SEO plugin. -->","yoast_head_json":{"title":"Inde par r\u00e9gion et ville - Blog &amp; photos Matthieu","robots":{"index":"index","follow":"follow","max-snippet":"max-snippet:-1","max-image-preview":"max-image-preview:large","max-video-preview":"max-video-preview:-1"},"canonical":"https:\/\/matthieu.net\/blog\/inde-par-region-et-ville\/","og_locale":"en_US","og_type":"article","og_title":"Inde par r\u00e9gion et ville - Blog &amp; photos Matthieu","og_description":"Voici la liste des quelques villes que j\u2019ai visit\u00e9es en Inde, class\u00e9es par r\u00e9gion, pour vous faciliter la lecture et la recherche d\u2019informations. N\u2019h\u00e9sitez pas&#8230;","og_url":"https:\/\/matthieu.net\/blog\/inde-par-region-et-ville\/","og_site_name":"Blog &amp; photos Matthieu","article_modified_time":"2009-03-11T19:00:52+00:00","twitter_misc":{"Est. reading time":"3 minutes"},"schema":{"@context":"https:\/\/schema.org","@graph":[{"@type":"WebPage","@id":"https:\/\/matthieu.net\/blog\/inde-par-region-et-ville\/","url":"https:\/\/matthieu.net\/blog\/inde-par-region-et-ville\/","name":"Inde par r\u00e9gion et ville - Blog &amp; photos Matthieu","isPartOf":{"@id":"https:\/\/matthieu.net\/blog\/#website"},"datePublished":"2007-10-05T08:17:25+00:00","dateModified":"2009-03-11T19:00:52+00:00","breadcrumb":{"@id":"https:\/\/matthieu.net\/blog\/inde-par-region-et-ville\/#breadcrumb"},"inLanguage":"en-US","potentialAction":[{"@type":"ReadAction","target":["https:\/\/matthieu.net\/blog\/inde-par-region-et-ville\/"]}]},{"@type":"BreadcrumbList","@id":"https:\/\/matthieu.net\/blog\/inde-par-region-et-ville\/#breadcrumb","itemListElement":[{"@type":"ListItem","position":1,"name":"Home","item":"https:\/\/matthieu.net\/blog\/"},{"@type":"ListItem","position":2,"name":"Inde par r\u00e9gion et ville"}]},{"@type":"WebSite","@id":"https:\/\/matthieu.net\/blog\/#website","url":"https:\/\/matthieu.net\/blog\/","name":"Blog &amp; photos Matthieu","description":"Blog Voyages &amp; Photographies de Matthieu Aubry, fran\u00e7ais en Nouvelle Z\u00e9lande.","potentialAction":[{"@type":"SearchAction","target":{"@type":"EntryPoint","urlTemplate":"https:\/\/matthieu.net\/blog\/?s={search_term_string}"},"query-input":"required name=search_term_string"}],"inLanguage":"en-US"}]}},"_links":{"self":[{"href":"https:\/\/matthieu.net\/blog\/wp-json\/wp\/v2\/pages\/394"}],"collection":[{"href":"https:\/\/matthieu.net\/blog\/wp-json\/wp\/v2\/pages"}],"about":[{"href":"https:\/\/matthieu.net\/blog\/wp-json\/wp\/v2\/types\/page"}],"author":[{"embeddable":true,"href":"https:\/\/matthieu.net\/blog\/wp-json\/wp\/v2\/users\/1"}],"replies":[{"embeddable":true,"href":"https:\/\/matthieu.net\/blog\/wp-json\/wp\/v2\/comments?post=394"}],"version-history":[{"count":1,"href":"https:\/\/matthieu.net\/blog\/wp-json\/wp\/v2\/pages\/394\/revisions"}],"predecessor-version":[{"id":649,"href":"https:\/\/matthieu.net\/blog\/wp-json\/wp\/v2\/pages\/394\/revisions\/649"}],"wp:attachment":[{"href":"https:\/\/matthieu.net\/blog\/wp-json\/wp\/v2\/media?parent=394"}],"curies":[{"name":"wp","href":"https:\/\/api.w.org\/{rel}","templated":true}]}}