{"id":393,"date":"2007-10-05T13:16:01","date_gmt":"2007-10-05T08:16:01","guid":{"rendered":"http:\/\/matthieu.net\/blog\/about\/"},"modified":"2011-03-09T14:17:37","modified_gmt":"2011-03-09T09:17:37","slug":"about","status":"publish","type":"page","link":"https:\/\/matthieu.net\/blog\/about\/","title":{"rendered":"A propos"},"content":{"rendered":"<p>Bienvenue sur le blog de <a href=\"http:\/\/matthieu.net\/\">Matthieu Aubry<\/a>, je suis passionn\u00e9 par le d\u00e9veloppement logiciel innovant ; j&#8217;aime \u00e9galement la photographie, vous pouvez retrouver des <a href=\"http:\/\/matthieu.net\/blog\/category\/photo\/\">photos &amp; descriptions<\/a> sur mon blog.<\/p>\n<p>J&#8217;ai passe une ann\u00e9e d&#8217;\u00e9change en Inde et j&#8217;ai <a href=\"http:\/\/matthieu.net\/blog\/inde-par-region-et-ville\/\">beaucoup post\u00e9 sur mon exp\u00e9rience<\/a>. J&#8217;ai aussi pass\u00e9 plusieurs mois au Royaume Uni (<a href=\"\/blog\/category\/edinburgh\/\">Edinburgh<\/a> et <a href=\"\/blog\/category\/london\/\">Londres<\/a>) et en <a href=\"\/blog\/category\/nouvelle-zelande\/\">Nouvelle Z\u00e9lande<\/a>, et ai post\u00e9 quelques photos sur le blog.<\/p>\n<p>Les photos d&#8217;inde sont prises avec un Olympus mju 700. Les autres photos sont g\u00e9n\u00e9ralement prises avec un canon EOS 350d avec la lentille basique 18-55mm, ou ma favorite, la 50mm focale fixe.<\/p>\n<p>Je suis pendant mes temps libres d\u00e9veloppeur &amp; mainteneur du logiciel libre <a href=\"http:\/\/piwik.org\">Piwik<\/a> (statistiques de sites internet).<\/p>\n<p>Plus d&#8217;informations sur <a href=\"http:\/\/matthieu.net\">matthieu.net <\/a><\/p>\n<p>Mes <a href=\"http:\/\/www.flickr.com\/photos\/matthieu-aubry\/\">photos<\/a> sur flickr<\/p>\n<p>Mes <a href=\"http:\/\/www.dailymotion.com\/matthieu-aubry\">vid\u00e9os<\/a> sur Dailymotion<\/p>\n<p>Mon <a href=\"http:\/\/matthieu.net\/blog\">blog<\/a> sur matthieu.net<\/p>\n<p>Mon <a href=\"http:\/\/twitter.com\/matthieuaubry\">twitter<\/a><\/p>\n","protected":false},"excerpt":{"rendered":"<p>Bienvenue sur le blog de Matthieu Aubry, je suis passionn\u00e9 par le d\u00e9veloppement logiciel innovant ; j&#8217;aime \u00e9galement la photographie, vous pouvez retrouver des photos&#8230;<\/p>\n<div class=\"more-link-wrapper\"><a class=\"more-link\" href=\"https:\/\/matthieu.net\/blog\/about\/\">Continue reading<span class=\"screen-reader-text\">A propos<\/span><\/a><\/div>\n","protected":false},"author":1,"featured_media":0,"parent":0,"menu_order":0,"comment_status":"open","ping_status":"open","template":"","meta":{"footnotes":""},"yoast_head":"<!-- This site is optimized with the Yoast SEO plugin v22.0 - https:\/\/yoast.com\/wordpress\/plugins\/seo\/ -->\n<title>A propos - Blog &amp; photos Matthieu<\/title>\n<meta name=\"robots\" content=\"index, follow, max-snippet:-1, max-image-preview:large, max-video-preview:-1\" \/>\n<link rel=\"canonical\" href=\"https:\/\/matthieu.net\/blog\/about\/\" \/>\n<meta property=\"og:locale\" content=\"en_US\" \/>\n<meta property=\"og:type\" content=\"article\" \/>\n<meta property=\"og:title\" content=\"A propos - Blog &amp; photos Matthieu\" \/>\n<meta property=\"og:description\" content=\"Bienvenue sur le blog de Matthieu Aubry, je suis passionn\u00e9 par le d\u00e9veloppement logiciel innovant ; j&#8217;aime \u00e9galement la photographie, vous pouvez retrouver des photos&#8230;\" \/>\n<meta property=\"og:url\" content=\"https:\/\/matthieu.net\/blog\/about\/\" \/>\n<meta property=\"og:site_name\" content=\"Blog &amp; photos Matthieu\" \/>\n<meta property=\"article:modified_time\" content=\"2011-03-09T09:17:37+00:00\" \/>\n<meta name=\"twitter:label1\" content=\"Est. reading time\" \/>\n\t<meta name=\"twitter:data1\" content=\"1 minute\" \/>\n<script type=\"application\/ld+json\" class=\"yoast-schema-graph\">{\"@context\":\"https:\/\/schema.org\",\"@graph\":[{\"@type\":\"WebPage\",\"@id\":\"https:\/\/matthieu.net\/blog\/about\/\",\"url\":\"https:\/\/matthieu.net\/blog\/about\/\",\"name\":\"A propos - Blog &amp; photos Matthieu\",\"isPartOf\":{\"@id\":\"https:\/\/matthieu.net\/blog\/#website\"},\"datePublished\":\"2007-10-05T08:16:01+00:00\",\"dateModified\":\"2011-03-09T09:17:37+00:00\",\"breadcrumb\":{\"@id\":\"https:\/\/matthieu.net\/blog\/about\/#breadcrumb\"},\"inLanguage\":\"en-US\",\"potentialAction\":[{\"@type\":\"ReadAction\",\"target\":[\"https:\/\/matthieu.net\/blog\/about\/\"]}]},{\"@type\":\"BreadcrumbList\",\"@id\":\"https:\/\/matthieu.net\/blog\/about\/#breadcrumb\",\"itemListElement\":[{\"@type\":\"ListItem\",\"position\":1,\"name\":\"Home\",\"item\":\"https:\/\/matthieu.net\/blog\/\"},{\"@type\":\"ListItem\",\"position\":2,\"name\":\"A propos\"}]},{\"@type\":\"WebSite\",\"@id\":\"https:\/\/matthieu.net\/blog\/#website\",\"url\":\"https:\/\/matthieu.net\/blog\/\",\"name\":\"Blog &amp; photos Matthieu\",\"description\":\"Blog Voyages &amp; Photographies de Matthieu Aubry, fran\u00e7ais en Nouvelle Z\u00e9lande.\",\"potentialAction\":[{\"@type\":\"SearchAction\",\"target\":{\"@type\":\"EntryPoint\",\"urlTemplate\":\"https:\/\/matthieu.net\/blog\/?s={search_term_string}\"},\"query-input\":\"required name=search_term_string\"}],\"inLanguage\":\"en-US\"}]}<\/script>\n<!-- \/ Yoast SEO plugin. -->","yoast_head_json":{"title":"A propos - Blog &amp; photos Matthieu","robots":{"index":"index","follow":"follow","max-snippet":"max-snippet:-1","max-image-preview":"max-image-preview:large","max-video-preview":"max-video-preview:-1"},"canonical":"https:\/\/matthieu.net\/blog\/about\/","og_locale":"en_US","og_type":"article","og_title":"A propos - Blog &amp; photos Matthieu","og_description":"Bienvenue sur le blog de Matthieu Aubry, je suis passionn\u00e9 par le d\u00e9veloppement logiciel innovant ; j&#8217;aime \u00e9galement la photographie, vous pouvez retrouver des photos&#8230;","og_url":"https:\/\/matthieu.net\/blog\/about\/","og_site_name":"Blog &amp; photos Matthieu","article_modified_time":"2011-03-09T09:17:37+00:00","twitter_misc":{"Est. reading time":"1 minute"},"schema":{"@context":"https:\/\/schema.org","@graph":[{"@type":"WebPage","@id":"https:\/\/matthieu.net\/blog\/about\/","url":"https:\/\/matthieu.net\/blog\/about\/","name":"A propos - Blog &amp; photos Matthieu","isPartOf":{"@id":"https:\/\/matthieu.net\/blog\/#website"},"datePublished":"2007-10-05T08:16:01+00:00","dateModified":"2011-03-09T09:17:37+00:00","breadcrumb":{"@id":"https:\/\/matthieu.net\/blog\/about\/#breadcrumb"},"inLanguage":"en-US","potentialAction":[{"@type":"ReadAction","target":["https:\/\/matthieu.net\/blog\/about\/"]}]},{"@type":"BreadcrumbList","@id":"https:\/\/matthieu.net\/blog\/about\/#breadcrumb","itemListElement":[{"@type":"ListItem","position":1,"name":"Home","item":"https:\/\/matthieu.net\/blog\/"},{"@type":"ListItem","position":2,"name":"A propos"}]},{"@type":"WebSite","@id":"https:\/\/matthieu.net\/blog\/#website","url":"https:\/\/matthieu.net\/blog\/","name":"Blog &amp; photos Matthieu","description":"Blog Voyages &amp; Photographies de Matthieu Aubry, fran\u00e7ais en Nouvelle Z\u00e9lande.","potentialAction":[{"@type":"SearchAction","target":{"@type":"EntryPoint","urlTemplate":"https:\/\/matthieu.net\/blog\/?s={search_term_string}"},"query-input":"required name=search_term_string"}],"inLanguage":"en-US"}]}},"_links":{"self":[{"href":"https:\/\/matthieu.net\/blog\/wp-json\/wp\/v2\/pages\/393"}],"collection":[{"href":"https:\/\/matthieu.net\/blog\/wp-json\/wp\/v2\/pages"}],"about":[{"href":"https:\/\/matthieu.net\/blog\/wp-json\/wp\/v2\/types\/page"}],"author":[{"embeddable":true,"href":"https:\/\/matthieu.net\/blog\/wp-json\/wp\/v2\/users\/1"}],"replies":[{"embeddable":true,"href":"https:\/\/matthieu.net\/blog\/wp-json\/wp\/v2\/comments?post=393"}],"version-history":[{"count":6,"href":"https:\/\/matthieu.net\/blog\/wp-json\/wp\/v2\/pages\/393\/revisions"}],"predecessor-version":[{"id":806,"href":"https:\/\/matthieu.net\/blog\/wp-json\/wp\/v2\/pages\/393\/revisions\/806"}],"wp:attachment":[{"href":"https:\/\/matthieu.net\/blog\/wp-json\/wp\/v2\/media?parent=393"}],"curies":[{"name":"wp","href":"https:\/\/api.w.org\/{rel}","templated":true}]}}